{"id":483,"date":"2019-04-08T18:24:28","date_gmt":"2019-04-08T16:24:28","guid":{"rendered":"http:\/\/barbaraschett.at\/?page_id=483"},"modified":"2026-03-06T13:26:20","modified_gmt":"2026-03-06T12:26:20","slug":"imprint-data-protection","status":"publish","type":"page","link":"https:\/\/www.barbaraschett.at\/en\/imprint-data-protection\/","title":{"rendered":"Imprint \/ Data Protection"},"content":{"rendered":"<p>[vc_row css_animation=&#8221;&#8221; row_type=&#8221;row&#8221; use_row_as_full_screen_section=&#8221;no&#8221; type=&#8221;full_width&#8221; angled_section=&#8221;no&#8221; text_align=&#8221;left&#8221; background_image_as_pattern=&#8221;without_pattern&#8221; css=&#8221;.vc_custom_1552126367720{margin-right: 120px !important;margin-left: 120px !important;}&#8221; z_index=&#8221;&#8221;][vc_column width=&#8221;1\/6&#8243; offset=&#8221;vc_hidden-sm vc_hidden-xs&#8221;][\/vc_column][vc_column width=&#8221;2\/3&#8243; offset=&#8221;vc_hidden-sm vc_hidden-xs&#8221;][vc_empty_space height=&#8221;64px&#8221;][vc_column_text]<\/p>\n<h1 style=\"text-align: left;\">DATA PROTECTION<\/h1>\n<p>[\/vc_column_text][vc_empty_space][vc_column_text]Herzlichen Dank f\u00fcr den Besuch unserer Website!<\/p>\n<p>Uns ist der Schutz Ihrer pers\u00f6nlichen Daten ein besonderes Anliegen. Ihre Daten werden von uns ausschlie\u00dflich gem\u00e4\u00df den einschl\u00e4gigen gesetzlichen Bestimmungen (DSGVO, TKG 2003) verarbeitet. Mit dieser Datenschutzerkl\u00e4rung werden Sie \u00fcber wesentliche Aspekte der Datenverarbeitung im Rahmen der gegenst\u00e4ndlichen Website informiert.<\/p>\n<p>&nbsp;<\/p>\n<p><strong>1. Verantwortliche in Bezug auf diese Website<\/strong><br \/>\nDer Verantwortliche in Bezug auf diese Website ist die:<br \/>\nOmniHolding Internationale Industriebeteiligungs GmbH<br \/>\nFN 182881 v<br \/>\nGoldenes Quartier<br \/>\nTuchlauben 7A (Eingang Seitzergasse 6)<br \/>\n1010 Vienna<br \/>\nKontakt-E-Mail: sekretariat(at)omni-holding.com<\/p>\n<p>&nbsp;<\/p>\n<p><strong>2. Automatische Speicherung von Daten<\/strong><br \/>\nBei Besuch der gegenst\u00e4ndlichen Website werden Informationen automatisch auf unserem Webserver ils Webserver-Logfiles und zwar insbesondere die Adresse unserer Webseite, Daten \u00fcber Ihren Browser (Browsertyp und -version, Referrer-URL d.h. zuvor besuchte Website), die IP-Adresse Ihres Ger\u00e4tes in gek\u00fcrzter bzw. anonymisierter Form sowie Datum und Uhrzeit der Serveranfrage gespeichert. Dies erfolgt zum Zwecke der Verbesserung unseres Webauftrittes und aufgrund unseres berechtigten Interesses an der reibungslosen Funktionst\u00fcchtigkeit unserer Website.<\/p>\n<p>&nbsp;<\/p>\n<p><strong>3. Kontaktaufnahme<\/strong><br \/>\nIm Falle einer Kontaktaufnahme via E-Mail werden die von Ihnen in Ihrer E-Mail angegebenen Daten zwecks Bearbeitung Ihrer Anfrage und f\u00fcr etwaige daran anschlie\u00dfende Korrespondenz sechs Monate bei uns gespeichert. Diese Daten werden von uns ohne Ihre Einwilligung nicht weitergegeben.<br \/>\nWenn Sie uns eine E-Mail senden, gehen wir davon aus, dass Sie mit der Speicherung der in Ihrer E-Mail angegebenen Daten einverstanden sind. Sie k\u00f6nnen diese Einwilligung jederzeit widerrufen, indem Sie uns Ihren Widerruf an die oben unter Punkt 1. angef\u00fchrte Adresse bzw. E-Mail-Adresse senden.<\/p>\n<p>&nbsp;<\/p>\n<p><strong>4. Cookies<\/strong><br \/>\nUnsere Website verwendet Cookies.<br \/>\nCookies sind Dateien, die mit Hilfe des Browsers auf Ihrem Endger\u00e4t abgelegt werden. Cookies werden von uns dazu verwendet, um unsere Website nutzerfreundlicher zu gestalten. Cookies erm\u00f6glichen, dass Ihr Browser beim n\u00e4chsten Besuch unserer Website wiedererkannt wird. Einige Cookies bleiben auf Ihrem Endger\u00e4t solange gespeichert bis Sie diese l\u00f6schen.<br \/>\nSie k\u00f6nnen in Ihrem Browser Einstellungen vornehmen, wonach der Browser \u00fcber das Setzen von Cookies informiert und Sie Cookies nur im Einzelfall erlauben; bei einer Deaktivierung von Cookies kann es zu Einschr\u00e4nkungen unserer Website kommen.<br \/>\nCookies verwenden wir, um die Nutzerfreundlichkeit unserer Website zu verbessern, sodass diesbez\u00fcglich ein berechtigtes Interesse besteht.<\/p>\n<p>&nbsp;<\/p>\n<p>Wir verwenden Plugins des sozialen Netzwerkes Twitter, welches von der Twitter Inc., 795 Folsom St., Suite 600, San Francisco, CA 94107, USA betrieben wird (\u201eTwitter\u201c). Den Link zur Datenschutzerkl\u00e4rung von Twitter finden Sie hier: https:\/\/twitter.com\/en\/privacy<\/p>\n<p>&nbsp;<\/p>\n<p>Wir verwenden Plugins des sozialen Netzwerkes facebook.com, welches von der Facebook Inc., 1601 S. California Ave, Palo Alto, CA 94304, USA betrieben wird (\u201eFacebook\u201c). Den Link zur Datenschutzerkl\u00e4rung von Facebook finden Sie hier: https:\/\/www.facebook.com\/about\/privacy\/<\/p>\n<p>&nbsp;<\/p>\n<p>Wir verwenden Plugins des sozialen Netzwerkes instagram.com, welches von der Facebook Inc., 1601 S. California Ave, Palo Alto, CA 94304, USA betrieben wird. Den Link zur Datenschutzerkl\u00e4rung von Facebook finden Sie hier: https:\/\/help.instagram.com\/519522125107875<\/p>\n<p>&nbsp;<\/p>\n<p><strong>5. Google Analytics<\/strong><br \/>\nUnsere Website verwendet Funktionen des Werbeanalysedienstes Google Analytics der Google Inc., 1600 Amphitheatre Parkway, Mountain View, CA 94043, United States, um die Website-Nutzung zu analysieren. In diesem Zusammenhang werden Daten an Google Inc. gesendet, die ihren Sitz au\u00dferhalb der EU hat.<br \/>\nGoogle hat sich zur Einhaltung des Privacy-Shield-Abkommens zwischen der EU und den USA \u00fcber die Erhebung, Nutzung und Speicherung von personenbezogenen Daten aus den Mitgliedstaaten der EU verpflichtet.<br \/>\nMit Google Analytics werden \u00fcber Website-eigene Cookies, Daten zum Ger\u00e4t bzw. Browser, IP-Adressen in gek\u00fcrzter Form und Website- bzw. App-Aktivit\u00e4ten erfasst. Die gewonnenen Daten werden zur Optimierung unserer Website bzw. f\u00fcr Werbema\u00dfnahmen verwendet, sodass ein berechtigtes Interesse besteht.<br \/>\nDie Erfassung k\u00f6nnen Sie durch Deaktiverung von Cookies via Ihren Browsereinstellungen und mit der einmaligen Installation des Browser-Add-ons (\u00fcber den nachstehende Link k\u00f6nnen Sie das Browser-Add-on herunterladen: https:\/\/tools.google.com\/dlpage\/gaoptout?hl=de) verhindern.<\/p>\n<p>&nbsp;<\/p>\n<p><strong>6. Ihre Rechte<\/strong><br \/>\nIn Bezug auf Ihre bei uns gespeicherten Daten stehen Ihnen grunds\u00e4tzlich die Rechte auf Auskunft, Berichtigung, L\u00f6schung, Einschr\u00e4nkung, Daten\u00fcbertragbarkeit, Widerruf und Widerspruch zu. Wenn Sie glauben, dass die Verarbeitung Ihrer Daten gegen das Datenschutzrecht verst\u00f6\u00dft oder Ihre datenschutzrechtlichen Anspr\u00fcche sonst in einer Weise verletzt worden sind, ersuchen wir Sie um Kontaktaufnahme mit unserem B\u00fcro und zwar der OmniHolding Internationale Industriebeteiligungs GmbH, postalisch an 1010 Wien, Tuchlauben 7A oder via E-Mail an sekretariat(at)omni-holding.com; weiters haben Sie das Recht auf Beschwerde bei der \u00d6sterreichischen Datenschutzbeh\u00f6rde (www.dsb.gv.at).[\/vc_column_text][vc_empty_space][\/vc_column][vc_column width=&#8221;1\/6&#8243; offset=&#8221;vc_hidden-sm vc_hidden-xs&#8221;][\/vc_column][\/vc_row][vc_row css_animation=&#8221;&#8221; row_type=&#8221;row&#8221; use_row_as_full_screen_section=&#8221;no&#8221; type=&#8221;full_width&#8221; angled_section=&#8221;no&#8221; text_align=&#8221;left&#8221; background_image_as_pattern=&#8221;without_pattern&#8221;][vc_column offset=&#8221;vc_hidden-lg vc_hidden-md&#8221; css=&#8221;.vc_custom_1559054507354{padding-right: 25px !important;padding-left: 25px !important;}&#8221;][vc_empty_space height=&#8221;64px&#8221;][vc_column_text]<\/p>\n<h1 style=\"text-align: left;\">DATA PROTECTION<\/h1>\n<p>[\/vc_column_text][vc_empty_space][vc_column_text]Herzlichen Dank f\u00fcr den Besuch unserer Website!<\/p>\n<p>Uns ist der Schutz Ihrer pers\u00f6nlichen Daten ein besonderes Anliegen. Ihre Daten werden von uns ausschlie\u00dflich gem\u00e4\u00df den einschl\u00e4gigen gesetzlichen Bestimmungen (DSGVO, TKG 2003) verarbeitet. Mit dieser Datenschutzerkl\u00e4rung werden Sie \u00fcber wesentliche Aspekte der Datenverarbeitung im Rahmen der gegenst\u00e4ndlichen Website informiert.<\/p>\n<p>&nbsp;<\/p>\n<p><strong>1. Verantwortliche in Bezug auf diese Website<\/strong><br \/>\nDer Verantwortliche in Bezug auf diese Website ist die:<br \/>\nOmniHolding Internationale Industriebeteiligungs GmbH<br \/>\nFN 182881 v<br \/>\nGoldenes Quartier<br \/>\nTuchlauben 7A (Eingang Seitzergasse 6)<br \/>\n1010 Vienna<br \/>\nKontakt-E-Mail: sekretariat(at)omni-holding.com<\/p>\n<p>&nbsp;<\/p>\n<p><strong>2. Automatische Speicherung von Daten<\/strong><br \/>\nBei Besuch der gegenst\u00e4ndlichen Website werden Informationen automatisch auf unserem Webserver ils Webserver-Logfiles und zwar insbesondere die Adresse unserer Webseite, Daten \u00fcber Ihren Browser (Browsertyp und -version, Referrer-URL d.h. zuvor besuchte Website), die IP-Adresse Ihres Ger\u00e4tes in gek\u00fcrzter bzw. anonymisierter Form sowie Datum und Uhrzeit der Serveranfrage gespeichert. Dies erfolgt zum Zwecke der Verbesserung unseres Webauftrittes und aufgrund unseres berechtigten Interesses an der reibungslosen Funktionst\u00fcchtigkeit unserer Website.<\/p>\n<p>&nbsp;<\/p>\n<p><strong>3. Kontaktaufnahme<\/strong><br \/>\nIm Falle einer Kontaktaufnahme via E-Mail werden die von Ihnen in Ihrer E-Mail angegebenen Daten zwecks Bearbeitung Ihrer Anfrage und f\u00fcr etwaige daran anschlie\u00dfende Korrespondenz sechs Monate bei uns gespeichert. Diese Daten werden von uns ohne Ihre Einwilligung nicht weitergegeben.<br \/>\nWenn Sie uns eine E-Mail senden, gehen wir davon aus, dass Sie mit der Speicherung der in Ihrer E-Mail angegebenen Daten einverstanden sind. Sie k\u00f6nnen diese Einwilligung jederzeit widerrufen, indem Sie uns Ihren Widerruf an die oben unter Punkt 1. angef\u00fchrte Adresse bzw. E-Mail-Adresse senden.<\/p>\n<p>&nbsp;<\/p>\n<p><strong>4. Cookies<\/strong><br \/>\nUnsere Website verwendet Cookies.<br \/>\nCookies sind Dateien, die mit Hilfe des Browsers auf Ihrem Endger\u00e4t abgelegt werden. Cookies werden von uns dazu verwendet, um unsere Website nutzerfreundlicher zu gestalten. Cookies erm\u00f6glichen, dass Ihr Browser beim n\u00e4chsten Besuch unserer Website wiedererkannt wird. Einige Cookies bleiben auf Ihrem Endger\u00e4t solange gespeichert bis Sie diese l\u00f6schen.<br \/>\nSie k\u00f6nnen in Ihrem Browser Einstellungen vornehmen, wonach der Browser \u00fcber das Setzen von Cookies informiert und Sie Cookies nur im Einzelfall erlauben; bei einer Deaktivierung von Cookies kann es zu Einschr\u00e4nkungen unserer Website kommen.<br \/>\nCookies verwenden wir, um die Nutzerfreundlichkeit unserer Website zu verbessern, sodass diesbez\u00fcglich ein berechtigtes Interesse besteht.<\/p>\n<p>&nbsp;<\/p>\n<p>Wir verwenden Plugins des sozialen Netzwerkes Twitter, welches von der Twitter Inc., 795 Folsom St., Suite 600, San Francisco, CA 94107, USA betrieben wird (\u201eTwitter\u201c). Den Link zur Datenschutzerkl\u00e4rung von Twitter finden Sie hier: https:\/\/twitter.com\/en\/privacy<\/p>\n<p>Wir verwenden Plugins des sozialen Netzwerkes facebook.com, welches von der Facebook Inc., 1601 S. California Ave, Palo Alto, CA 94304, USA betrieben wird (\u201eFacebook\u201c). Den Link zur Datenschutzerkl\u00e4rung von Facebook finden Sie hier: https:\/\/www.facebook.com\/about\/privacy\/<\/p>\n<p>Wir verwenden Plugins des sozialen Netzwerkes instagram.com, welches von der Facebook Inc., 1601 S. California Ave, Palo Alto, CA 94304, USA betrieben wird. Den Link zur Datenschutzerkl\u00e4rung von Facebook finden Sie hier: https:\/\/help.instagram.com\/519522125107875<\/p>\n<p>&nbsp;<\/p>\n<p><strong>5. Google Analytics<\/strong><br \/>\nUnsere Website verwendet Funktionen des Werbeanalysedienstes Google Analytics der Google Inc., 1600 Amphitheatre Parkway, Mountain View, CA 94043, United States, um die Website-Nutzung zu analysieren. In diesem Zusammenhang werden Daten an Google Inc. gesendet, die ihren Sitz au\u00dferhalb der EU hat.<br \/>\nGoogle hat sich zur Einhaltung des Privacy-Shield-Abkommens zwischen der EU und den USA \u00fcber die Erhebung, Nutzung und Speicherung von personenbezogenen Daten aus den Mitgliedstaaten der EU verpflichtet.<br \/>\nMit Google Analytics werden \u00fcber Website-eigene Cookies, Daten zum Ger\u00e4t bzw. Browser, IP-Adressen in gek\u00fcrzter Form und Website- bzw. App-Aktivit\u00e4ten erfasst. Die gewonnenen Daten werden zur Optimierung unserer Website bzw. f\u00fcr Werbema\u00dfnahmen verwendet, sodass ein berechtigtes Interesse besteht.<br \/>\nDie Erfassung k\u00f6nnen Sie durch Deaktiverung von Cookies via Ihren Browsereinstellungen und mit der einmaligen Installation des Browser-Add-ons (\u00fcber den nachstehende Link k\u00f6nnen Sie das Browser-Add-on herunterladen: https:\/\/tools.google.com\/dlpage\/gaoptout?hl=de) verhindern.<\/p>\n<p>&nbsp;<\/p>\n<p><strong>6. Ihre Rechte<\/strong><br \/>\nIn Bezug auf Ihre bei uns gespeicherten Daten stehen Ihnen grunds\u00e4tzlich die Rechte auf Auskunft, Berichtigung, L\u00f6schung, Einschr\u00e4nkung, Daten\u00fcbertragbarkeit, Widerruf und Widerspruch zu. Wenn Sie glauben, dass die Verarbeitung Ihrer Daten gegen das Datenschutzrecht verst\u00f6\u00dft oder Ihre datenschutzrechtlichen Anspr\u00fcche sonst in einer Weise verletzt worden sind, ersuchen wir Sie um Kontaktaufnahme mit unserem B\u00fcro und zwar der OmniHolding Internationale Industriebeteiligungs GmbH, postalisch an 1010 Wien, Tuchlauben 7A oder via E-Mail an sekretariat(at)omni-holding.com; weiters haben Sie das Recht auf Beschwerde bei der \u00d6sterreichischen Datenschutzbeh\u00f6rde (www.dsb.gv.at).[\/vc_column_text][\/vc_column][\/vc_row][vc_row css_animation=&#8221;&#8221; row_type=&#8221;row&#8221; use_row_as_full_screen_section=&#8221;no&#8221; type=&#8221;full_width&#8221; angled_section=&#8221;no&#8221; text_align=&#8221;left&#8221; background_image_as_pattern=&#8221;without_pattern&#8221;][vc_column][vc_empty_space height=&#8221;164px&#8221;][\/vc_column][\/vc_row]<\/p>\n","protected":false},"excerpt":{"rendered":"<p>[vc_row css_animation=&#8221;&#8221; row_type=&#8221;row&#8221; use_row_as_full_screen_section=&#8221;no&#8221; type=&#8221;full_width&#8221; angled_section=&#8221;no&#8221; text_align=&#8221;left&#8221; background_image_as_pattern=&#8221;without_pattern&#8221; css=&#8221;.vc_custom_1552126367720{margin-right: 120px !important;margin-left: 120px !important;}&#8221; z_index=&#8221;&#8221;][vc_column width=&#8221;1\/6&#8243; offset=&#8221;vc_hidden-sm vc_hidden-xs&#8221;][\/vc_column][vc_column width=&#8221;2\/3&#8243; offset=&#8221;vc_hidden-sm vc_hidden-xs&#8221;][vc_empty_space height=&#8221;64px&#8221;][vc_column_text] DATA PROTECTION [\/vc_column_text][vc_empty_space][vc_column_text]Herzlichen Dank f\u00fcr den Besuch unserer Website! Uns ist der Schutz Ihrer pers\u00f6nlichen Daten ein besonderes Anliegen. Ihre Daten werden von uns&#8230;<\/p>\n","protected":false},"author":1,"featured_media":0,"parent":0,"menu_order":0,"comment_status":"closed","ping_status":"closed","template":"full_width.php","meta":{"_monsterinsights_skip_tracking":false,"_monsterinsights_sitenote_active":false,"_monsterinsights_sitenote_note":"","_monsterinsights_sitenote_category":0,"footnotes":""},"class_list":["post-483","page","type-page","status-publish","hentry"],"aioseo_notices":[],"_links":{"self":[{"href":"https:\/\/www.barbaraschett.at\/en\/wp-json\/wp\/v2\/pages\/483"}],"collection":[{"href":"https:\/\/www.barbaraschett.at\/en\/wp-json\/wp\/v2\/pages"}],"about":[{"href":"https:\/\/www.barbaraschett.at\/en\/wp-json\/wp\/v2\/types\/page"}],"author":[{"embeddable":true,"href":"https:\/\/www.barbaraschett.at\/en\/wp-json\/wp\/v2\/users\/1"}],"replies":[{"embeddable":true,"href":"https:\/\/www.barbaraschett.at\/en\/wp-json\/wp\/v2\/comments?post=483"}],"version-history":[{"count":21,"href":"https:\/\/www.barbaraschett.at\/en\/wp-json\/wp\/v2\/pages\/483\/revisions"}],"predecessor-version":[{"id":1095,"href":"https:\/\/www.barbaraschett.at\/en\/wp-json\/wp\/v2\/pages\/483\/revisions\/1095"}],"wp:attachment":[{"href":"https:\/\/www.barbaraschett.at\/en\/wp-json\/wp\/v2\/media?parent=483"}],"curies":[{"name":"wp","href":"https:\/\/api.w.org\/{rel}","templated":true}]}}